{"id":6813,"date":"2024-12-07T16:33:02","date_gmt":"2024-12-07T16:33:02","guid":{"rendered":"https:\/\/inharmonie.eu\/?page_id=6813"},"modified":"2024-12-17T13:05:34","modified_gmt":"2024-12-17T13:05:34","slug":"blog","status":"publish","type":"page","link":"https:\/\/inharmonie.eu\/de\/blog\/","title":{"rendered":"Blog"},"content":{"rendered":"<p>[et_pb_section fb_built=&#8221;1&#8243; admin_label=&#8221;Header&#8221; _builder_version=&#8221;4.27.4&#8243; _module_preset=&#8221;default&#8221; background_image=&#8221;https:\/\/inharmonie.eu\/wp-content\/uploads\/2024\/12\/Misli-o-zvoku-in-vplivu-na-nasa-telesa.avif&#8221; custom_padding=&#8221;||0px||false|false&#8221; global_colors_info=&#8221;{}&#8221;][et_pb_row column_structure=&#8221;1_2,1_2&#8243; _builder_version=&#8221;4.27.4&#8243; _module_preset=&#8221;default&#8221; width=&#8221;90%&#8221; max_width=&#8221;90%&#8221; global_colors_info=&#8221;{}&#8221;][et_pb_column type=&#8221;1_2&#8243; _builder_version=&#8221;4.16&#8243; _module_preset=&#8221;default&#8221; global_colors_info=&#8221;{}&#8221;][et_pb_text _builder_version=&#8221;4.27.4&#8243; _module_preset=&#8221;default&#8221; header_font=&#8221;Crimson Text||||||||&#8221; header_text_color=&#8221;gcid-76f106c9-137d-49e2-b88a-3cd5c55d4acb&#8221; header_font_size=&#8221;60px&#8221; background_color=&#8221;rgba(255,244,200,0.87)&#8221; custom_padding=&#8221;16px|25px|16px|25px|true|true&#8221; hover_enabled=&#8221;0&#8243; header_font_size_tablet=&#8221;60px&#8221; header_font_size_phone=&#8221;33px&#8221; header_font_size_last_edited=&#8221;on|phone&#8221; header_line_height_tablet=&#8221;&#8221; header_line_height_phone=&#8221;1.2em&#8221; header_line_height_last_edited=&#8221;on|tablet&#8221; border_radii=&#8221;on|20px|20px|20px|20px&#8221; locked=&#8221;off&#8221; global_colors_info=&#8221;{%22gcid-76f106c9-137d-49e2-b88a-3cd5c55d4acb%22:%91%22header_text_color%22%93}&#8221; sticky_enabled=&#8221;0&#8243;]<\/p>\n<h1>Besede za mir, zvok za srce, odmev moje du\u0161e<\/h1>\n<p>[\/et_pb_text][\/et_pb_column][et_pb_column type=&#8221;1_2&#8243; _builder_version=&#8221;4.16&#8243; _module_preset=&#8221;default&#8221; global_colors_info=&#8221;{}&#8221;][et_pb_signup mailchimp_list=&#8221;elegantthemestest|1ea2bbd026&#8243; layout=&#8221;top_bottom&#8221; first_name_field=&#8221;off&#8221; last_name_field=&#8221;off&#8221; disabled_on=&#8221;on|on|on&#8221; _builder_version=&#8221;4.27.4&#8243; _module_preset=&#8221;default&#8221; form_field_background_color=&#8221;#ffffff&#8221; form_field_font=&#8221;Karla||||||||&#8221; form_field_font_size=&#8221;16px&#8221; form_field_line_height=&#8221;1.8em&#8221; use_background_color=&#8221;off&#8221; custom_button=&#8221;on&#8221; button_text_size=&#8221;14px&#8221; button_text_color=&#8221;#ffffff&#8221; button_bg_color=&#8221;#000000&#8243; button_border_width=&#8221;0px&#8221; button_border_radius=&#8221;0px&#8221; button_letter_spacing=&#8221;2px&#8221; button_font=&#8221;Crimson Text|700||on|||||&#8221; button_custom_padding=&#8221;15px|40px|15px|40px|true|true&#8221; form_field_font_size_tablet=&#8221;&#8221; form_field_font_size_phone=&#8221;14px&#8221; form_field_font_size_last_edited=&#8221;on|phone&#8221; border_radii_fields=&#8221;on|0px|0px|0px|0px&#8221; disabled=&#8221;on&#8221; global_colors_info=&#8221;{}&#8221;][\/et_pb_signup][\/et_pb_column][\/et_pb_row][et_pb_row column_structure=&#8221;1_4,3_4&#8243; _builder_version=&#8221;4.16&#8243; _module_preset=&#8221;default&#8221; custom_margin=&#8221;||||false|false&#8221; custom_padding=&#8221;||0px||false|false&#8221; global_colors_info=&#8221;{}&#8221;][et_pb_column type=&#8221;1_4&#8243; _builder_version=&#8221;4.16&#8243; _module_preset=&#8221;default&#8221; global_colors_info=&#8221;{}&#8221;][\/et_pb_column][et_pb_column type=&#8221;3_4&#8243; _builder_version=&#8221;4.16&#8243; _module_preset=&#8221;default&#8221; global_colors_info=&#8221;{}&#8221;][et_pb_post_slider posts_number=&#8221;3&#8243; include_categories=&#8221;all&#8221; more_text=&#8221;Preberi ve\u010d&#8221; excerpt_length=&#8221;100&#8243; show_meta=&#8221;off&#8221; show_image=&#8221;off&#8221; use_bg_overlay=&#8221;off&#8221; _builder_version=&#8221;4.27.4&#8243; _module_preset=&#8221;default&#8221; header_font=&#8221;Crimson Text||||||||&#8221; header_font_size=&#8221;48px&#8221; header_line_height=&#8221;1.2em&#8221; body_font=&#8221;Karla||||||||&#8221; body_font_size=&#8221;16px&#8221; body_line_height=&#8221;1.8em&#8221; meta_font=&#8221;Karla|700|||||||&#8221; meta_line_height=&#8221;1.8em&#8221; background_color=&#8221;rgba(171,140,68,0.73)&#8221; custom_button=&#8221;on&#8221; button_text_size=&#8221;14px&#8221; button_text_color=&#8221;#ffffff&#8221; button_border_width=&#8221;0px&#8221; button_border_radius=&#8221;0px&#8221; button_letter_spacing=&#8221;2px&#8221; button_font=&#8221;Crimson Text|700||on|on||||&#8221; custom_padding=&#8221;4vw|2vw|4vw|2vw|true|true&#8221; hover_enabled=&#8221;0&#8243; header_font_size_tablet=&#8221;24px&#8221; header_font_size_phone=&#8221;18px&#8221; header_font_size_last_edited=&#8221;on|tablet&#8221; header_line_height_tablet=&#8221;&#8221; header_line_height_phone=&#8221;1.5em&#8221; header_line_height_last_edited=&#8221;on|desktop&#8221; body_font_size_tablet=&#8221;&#8221; body_font_size_phone=&#8221;14px&#8221; body_font_size_last_edited=&#8221;on|phone&#8221; border_radii=&#8221;off|20px|20px||&#8221; global_colors_info=&#8221;{}&#8221; sticky_enabled=&#8221;0&#8243; use_manual_excerpt=&#8221;off&#8221;][\/et_pb_post_slider][\/et_pb_column][\/et_pb_row][\/et_pb_section][et_pb_section fb_built=&#8221;1&#8243; admin_label=&#8221;Blog&#8221; _builder_version=&#8221;4.16&#8243; _module_preset=&#8221;default&#8221; global_colors_info=&#8221;{}&#8221;][et_pb_row column_structure=&#8221;3_4,1_4&#8243; use_custom_gutter=&#8221;on&#8221; gutter_width=&#8221;2&#8243; _builder_version=&#8221;4.27.4&#8243; _module_preset=&#8221;default&#8221; max_width=&#8221;80%&#8221; module_alignment=&#8221;center&#8221; global_colors_info=&#8221;{}&#8221;][et_pb_column type=&#8221;3_4&#8243; _builder_version=&#8221;4.16&#8243; _module_preset=&#8221;default&#8221; global_colors_info=&#8221;{}&#8221;][difl_blogcarousel item_tablet=&#8221;1&#8243; dots=&#8221;on&#8221; equal_height=&#8221;on&#8221; alignment=&#8221;center&#8221; item_background_bgcolor=&#8221;gcid-6b14c6bb-3e48-4176-8985-05dd45b07674&#8243; active_dots_color=&#8221;gcid-2ba3ab18-f37e-412c-92de-2facddb141ec&#8221; wrapper_padding=&#8221;||||false|false&#8221; item_padding=&#8221;||||false|false&#8221; _builder_version=&#8221;4.27.4&#8243; _module_preset=&#8221;default&#8221; background_enable_color=&#8221;off&#8221; custom_padding=&#8221;||||false|false&#8221; hover_enabled=&#8221;0&#8243; border_radii_item_outer=&#8221;on|20px|20px|20px|20px&#8221; global_colors_info=&#8221;{%22gcid-6b14c6bb-3e48-4176-8985-05dd45b07674%22:%91%22item_background_bgcolor%22%93,%22gcid-2ba3ab18-f37e-412c-92de-2facddb141ec%22:%91%22active_dots_color%22%93}&#8221; sticky_enabled=&#8221;0&#8243;][difl_postitem type=&#8221;image&#8221; image_scale=&#8221;df-image-zoom-in&#8221; _builder_version=&#8221;4.27.4&#8243; _module_preset=&#8221;default&#8221; hover_enabled=&#8221;0&#8243; global_colors_info=&#8221;{}&#8221; sticky_enabled=&#8221;0&#8243;][\/difl_postitem][difl_postitem type=&#8221;title&#8221; element_padding=&#8221;|15px||15px|false|true&#8221; _builder_version=&#8221;4.27.4&#8243; _module_preset=&#8221;default&#8221; global_colors_info=&#8221;{}&#8221;][\/difl_postitem][difl_postitem type=&#8221;content&#8221; use_post_excrpt=&#8221;on&#8221; excerpt_length=&#8221;100&#8243; element_padding=&#8221;|13px||13px|false|true&#8221; _builder_version=&#8221;4.27.4&#8243; _module_preset=&#8221;default&#8221; post_font_style_font_size=&#8221;17px&#8221; post_font_style_line_height=&#8221;1.6em&#8221; post_font_style_font_size_tablet=&#8221;17px&#8221; post_font_style_font_size_phone=&#8221;17px&#8221; post_font_style_font_size_last_edited=&#8221;on|desktop&#8221; global_colors_info=&#8221;{}&#8221;][\/difl_postitem][difl_postitem type=&#8221;button&#8221; read_more_text=&#8221;Preberi ve\u010d&#8221; use_icon=&#8221;on&#8221; font_icon=&#8221;&#x45;||divi||400&#8243; _builder_version=&#8221;4.27.4&#8243; _module_preset=&#8221;default&#8221; post_font_style_text_color=&#8221;gcid-2ba3ab18-f37e-412c-92de-2facddb141ec&#8221; post_font_style_font_size=&#8221;18px&#8221; global_colors_info=&#8221;{%22gcid-2ba3ab18-f37e-412c-92de-2facddb141ec%22:%91%22post_font_style_text_color%22%93}&#8221;][\/difl_postitem][\/difl_blogcarousel][\/et_pb_column][et_pb_column type=&#8221;1_4&#8243; _builder_version=&#8221;4.27.4&#8243; _module_preset=&#8221;default&#8221; global_colors_info=&#8221;{}&#8221;][df_adh_heading title_prefix=&#8221;O \u010dem pi\u0161em&#8221; use_divider=&#8221;on&#8221; divider_color=&#8221;gcid-2ba3ab18-f37e-412c-92de-2facddb141ec&#8221; divider_height=&#8221;2px&#8221; _builder_version=&#8221;4.27.4&#8243; _module_preset=&#8221;default&#8221; title_text_color=&#8221;gcid-9b6e3be1-b256-44a7-83ea-eb1ce2743eb1&#8243; width=&#8221;80%&#8221; global_colors_info=&#8221;{%22gcid-2ba3ab18-f37e-412c-92de-2facddb141ec%22:%91%22divider_color%22%93,%22gcid-9b6e3be1-b256-44a7-83ea-eb1ce2743eb1%22:%91%22title_text_color%22%93}&#8221;][\/df_adh_heading][et_pb_sidebar area=&#8221;et_pb_widget_area_1&#8243; _builder_version=&#8221;4.27.4&#8243; _module_preset=&#8221;default&#8221; header_font=&#8221;Crimson Text||||||||&#8221; header_text_color=&#8221;#6D635B&#8221; header_font_size=&#8221;24px&#8221; header_line_height=&#8221;1.5em&#8221; body_font=&#8221;Karla||||||||&#8221; body_text_color=&#8221;gcid-2ba3ab18-f37e-412c-92de-2facddb141ec&#8221; body_font_size=&#8221;21px&#8221; body_line_height=&#8221;1.4em&#8221; custom_padding=&#8221;|0px||0px|false|true&#8221; header_font_size_tablet=&#8221;20px&#8221; header_font_size_phone=&#8221;18px&#8221; header_font_size_last_edited=&#8221;on|phone&#8221; body_font_size_tablet=&#8221;&#8221; body_font_size_phone=&#8221;14px&#8221; body_font_size_last_edited=&#8221;on|phone&#8221; border_color_all=&#8221;rgba(0,0,0,0)&#8221; global_colors_info=&#8221;{%22gcid-2ba3ab18-f37e-412c-92de-2facddb141ec%22:%91%22body_text_color%22%93}&#8221;][\/et_pb_sidebar][\/et_pb_column][\/et_pb_row][\/et_pb_section]<\/p>\n","protected":false},"excerpt":{"rendered":"<p>Zvok je mogo\u010dno orodje, ki se\u017ee globoko v tvoje telo in du\u0161o. Vabim te, da prebere\u0161 moja razmi\u0161ljanja, spoznanja in izku\u0161nje o mo\u010di zvoka ter o tem, kako lahko obogati tvoje \u017eivljenje.<\/p>","protected":false},"author":1,"featured_media":6856,"parent":0,"menu_order":0,"comment_status":"closed","ping_status":"closed","template":"","meta":{"_et_pb_use_builder":"on","_et_pb_old_content":"","_et_gb_content_width":"","footnotes":""},"difl_page_category":[],"class_list":["post-6813","page","type-page","status-publish","has-post-thumbnail","hentry"],"yoast_head":"<!-- This site is optimized with the Yoast SEO plugin v27.3 - https:\/\/yoast.com\/product\/yoast-seo-wordpress\/ -->\n<title>Blog - Besede miru, zvok srca, odmev moje du\u0161e<\/title>\n<meta name=\"description\" content=\"Zvok je mogo\u010dno orodje, ki se\u017ee globoko v tvoje telo in du\u0161o. Vabim te, da prebere\u0161 moja razmi\u0161ljanja, spoznanja in izku\u0161nje o mo\u010di zvoka ter o tem, kako lahko obogati tvoje \u017eivljenje.\" \/>\n<meta name=\"robots\" content=\"index, follow, max-snippet:-1, max-image-preview:large, max-video-preview:-1\" \/>\n<link rel=\"canonical\" href=\"https:\/\/inharmonie.eu\/de\/blog\/\" \/>\n<meta property=\"og:locale\" content=\"de_DE\" \/>\n<meta property=\"og:type\" content=\"article\" \/>\n<meta property=\"og:title\" content=\"Blog - Besede miru, zvok srca, odmev moje du\u0161e\" \/>\n<meta property=\"og:description\" content=\"Zvok je mogo\u010dno orodje, ki se\u017ee globoko v tvoje telo in du\u0161o. Vabim te, da prebere\u0161 moja razmi\u0161ljanja, spoznanja in izku\u0161nje o mo\u010di zvoka ter o tem, kako lahko obogati tvoje \u017eivljenje.\" \/>\n<meta property=\"og:url\" content=\"https:\/\/inharmonie.eu\/de\/blog\/\" \/>\n<meta property=\"og:site_name\" content=\"In Harmonie\" \/>\n<meta property=\"article:modified_time\" content=\"2024-12-17T13:05:34+00:00\" \/>\n<meta property=\"og:image\" content=\"https:\/\/inharmonie.eu\/wp-content\/uploads\/2024\/12\/Misli-o-zvoku-in-vplivu-na-nasa-telesa.avif\" \/>\n\t<meta property=\"og:image:width\" content=\"1015\" \/>\n\t<meta property=\"og:image:height\" content=\"598\" \/>\n\t<meta property=\"og:image:type\" content=\"image\/jpeg\" \/>\n<meta name=\"twitter:card\" content=\"summary_large_image\" \/>\n<meta name=\"twitter:label1\" content=\"Gesch\u00e4tzte Lesezeit\" \/>\n\t<meta name=\"twitter:data1\" content=\"1 Minute\" \/>\n<script type=\"application\/ld+json\" class=\"yoast-schema-graph\">{\"@context\":\"https:\\\/\\\/schema.org\",\"@graph\":[{\"@type\":\"WebPage\",\"@id\":\"https:\\\/\\\/inharmonie.eu\\\/blog\\\/\",\"url\":\"https:\\\/\\\/inharmonie.eu\\\/blog\\\/\",\"name\":\"Blog - Besede miru, zvok srca, odmev moje du\u0161e\",\"isPartOf\":{\"@id\":\"https:\\\/\\\/inharmonie.eu\\\/#website\"},\"primaryImageOfPage\":{\"@id\":\"https:\\\/\\\/inharmonie.eu\\\/blog\\\/#primaryimage\"},\"image\":{\"@id\":\"https:\\\/\\\/inharmonie.eu\\\/blog\\\/#primaryimage\"},\"thumbnailUrl\":\"https:\\\/\\\/inharmonie.eu\\\/wp-content\\\/uploads\\\/2024\\\/12\\\/Misli-o-zvoku-in-vplivu-na-nasa-telesa.avif\",\"datePublished\":\"2024-12-07T16:33:02+00:00\",\"dateModified\":\"2024-12-17T13:05:34+00:00\",\"description\":\"Zvok je mogo\u010dno orodje, ki se\u017ee globoko v tvoje telo in du\u0161o. Vabim te, da prebere\u0161 moja razmi\u0161ljanja, spoznanja in izku\u0161nje o mo\u010di zvoka ter o tem, kako lahko obogati tvoje \u017eivljenje.\",\"breadcrumb\":{\"@id\":\"https:\\\/\\\/inharmonie.eu\\\/blog\\\/#breadcrumb\"},\"inLanguage\":\"de-AT\",\"potentialAction\":[{\"@type\":\"ReadAction\",\"target\":[\"https:\\\/\\\/inharmonie.eu\\\/blog\\\/\"]}]},{\"@type\":\"ImageObject\",\"inLanguage\":\"de-AT\",\"@id\":\"https:\\\/\\\/inharmonie.eu\\\/blog\\\/#primaryimage\",\"url\":\"https:\\\/\\\/inharmonie.eu\\\/wp-content\\\/uploads\\\/2024\\\/12\\\/Misli-o-zvoku-in-vplivu-na-nasa-telesa.avif\",\"contentUrl\":\"https:\\\/\\\/inharmonie.eu\\\/wp-content\\\/uploads\\\/2024\\\/12\\\/Misli-o-zvoku-in-vplivu-na-nasa-telesa.avif\",\"width\":1015,\"height\":598,\"caption\":\"Misli o zvoku in vplivu na na\u0161a telesa\"},{\"@type\":\"BreadcrumbList\",\"@id\":\"https:\\\/\\\/inharmonie.eu\\\/blog\\\/#breadcrumb\",\"itemListElement\":[{\"@type\":\"ListItem\",\"position\":1,\"name\":\"Home\",\"item\":\"https:\\\/\\\/inharmonie.eu\\\/\"},{\"@type\":\"ListItem\",\"position\":2,\"name\":\"Blog\"}]},{\"@type\":\"WebSite\",\"@id\":\"https:\\\/\\\/inharmonie.eu\\\/#website\",\"url\":\"https:\\\/\\\/inharmonie.eu\\\/\",\"name\":\"In Harmonie\",\"description\":\"Zdravilna hi\u0161a zvoka\",\"potentialAction\":[{\"@type\":\"SearchAction\",\"target\":{\"@type\":\"EntryPoint\",\"urlTemplate\":\"https:\\\/\\\/inharmonie.eu\\\/?s={search_term_string}\"},\"query-input\":{\"@type\":\"PropertyValueSpecification\",\"valueRequired\":true,\"valueName\":\"search_term_string\"}}],\"inLanguage\":\"de-AT\"}]}<\/script>\n<!-- \/ Yoast SEO plugin. -->","yoast_head_json":{"title":"Blog - Besede miru, zvok srca, odmev moje du\u0161e","description":"Zvok je mogo\u010dno orodje, ki se\u017ee globoko v tvoje telo in du\u0161o. Vabim te, da prebere\u0161 moja razmi\u0161ljanja, spoznanja in izku\u0161nje o mo\u010di zvoka ter o tem, kako lahko obogati tvoje \u017eivljenje.","robots":{"index":"index","follow":"follow","max-snippet":"max-snippet:-1","max-image-preview":"max-image-preview:large","max-video-preview":"max-video-preview:-1"},"canonical":"https:\/\/inharmonie.eu\/de\/blog\/","og_locale":"de_DE","og_type":"article","og_title":"Blog - Besede miru, zvok srca, odmev moje du\u0161e","og_description":"Zvok je mogo\u010dno orodje, ki se\u017ee globoko v tvoje telo in du\u0161o. Vabim te, da prebere\u0161 moja razmi\u0161ljanja, spoznanja in izku\u0161nje o mo\u010di zvoka ter o tem, kako lahko obogati tvoje \u017eivljenje.","og_url":"https:\/\/inharmonie.eu\/de\/blog\/","og_site_name":"In Harmonie","article_modified_time":"2024-12-17T13:05:34+00:00","og_image":[{"width":1015,"height":598,"url":"https:\/\/inharmonie.eu\/wp-content\/uploads\/2024\/12\/Misli-o-zvoku-in-vplivu-na-nasa-telesa.avif","type":"image\/jpeg"}],"twitter_card":"summary_large_image","twitter_misc":{"Gesch\u00e4tzte Lesezeit":"1 Minute"},"schema":{"@context":"https:\/\/schema.org","@graph":[{"@type":"WebPage","@id":"https:\/\/inharmonie.eu\/blog\/","url":"https:\/\/inharmonie.eu\/blog\/","name":"Blog - Besede miru, zvok srca, odmev moje du\u0161e","isPartOf":{"@id":"https:\/\/inharmonie.eu\/#website"},"primaryImageOfPage":{"@id":"https:\/\/inharmonie.eu\/blog\/#primaryimage"},"image":{"@id":"https:\/\/inharmonie.eu\/blog\/#primaryimage"},"thumbnailUrl":"https:\/\/inharmonie.eu\/wp-content\/uploads\/2024\/12\/Misli-o-zvoku-in-vplivu-na-nasa-telesa.avif","datePublished":"2024-12-07T16:33:02+00:00","dateModified":"2024-12-17T13:05:34+00:00","description":"Zvok je mogo\u010dno orodje, ki se\u017ee globoko v tvoje telo in du\u0161o. Vabim te, da prebere\u0161 moja razmi\u0161ljanja, spoznanja in izku\u0161nje o mo\u010di zvoka ter o tem, kako lahko obogati tvoje \u017eivljenje.","breadcrumb":{"@id":"https:\/\/inharmonie.eu\/blog\/#breadcrumb"},"inLanguage":"de-AT","potentialAction":[{"@type":"ReadAction","target":["https:\/\/inharmonie.eu\/blog\/"]}]},{"@type":"ImageObject","inLanguage":"de-AT","@id":"https:\/\/inharmonie.eu\/blog\/#primaryimage","url":"https:\/\/inharmonie.eu\/wp-content\/uploads\/2024\/12\/Misli-o-zvoku-in-vplivu-na-nasa-telesa.avif","contentUrl":"https:\/\/inharmonie.eu\/wp-content\/uploads\/2024\/12\/Misli-o-zvoku-in-vplivu-na-nasa-telesa.avif","width":1015,"height":598,"caption":"Misli o zvoku in vplivu na na\u0161a telesa"},{"@type":"BreadcrumbList","@id":"https:\/\/inharmonie.eu\/blog\/#breadcrumb","itemListElement":[{"@type":"ListItem","position":1,"name":"Home","item":"https:\/\/inharmonie.eu\/"},{"@type":"ListItem","position":2,"name":"Blog"}]},{"@type":"WebSite","@id":"https:\/\/inharmonie.eu\/#website","url":"https:\/\/inharmonie.eu\/","name":"In Harmonie","description":"Heilendes Frequenzhaus","potentialAction":[{"@type":"SearchAction","target":{"@type":"EntryPoint","urlTemplate":"https:\/\/inharmonie.eu\/?s={search_term_string}"},"query-input":{"@type":"PropertyValueSpecification","valueRequired":true,"valueName":"search_term_string"}}],"inLanguage":"de-AT"}]}},"_links":{"self":[{"href":"https:\/\/inharmonie.eu\/de\/wp-json\/wp\/v2\/pages\/6813","targetHints":{"allow":["GET"]}}],"collection":[{"href":"https:\/\/inharmonie.eu\/de\/wp-json\/wp\/v2\/pages"}],"about":[{"href":"https:\/\/inharmonie.eu\/de\/wp-json\/wp\/v2\/types\/page"}],"author":[{"embeddable":true,"href":"https:\/\/inharmonie.eu\/de\/wp-json\/wp\/v2\/users\/1"}],"replies":[{"embeddable":true,"href":"https:\/\/inharmonie.eu\/de\/wp-json\/wp\/v2\/comments?post=6813"}],"version-history":[{"count":22,"href":"https:\/\/inharmonie.eu\/de\/wp-json\/wp\/v2\/pages\/6813\/revisions"}],"predecessor-version":[{"id":6958,"href":"https:\/\/inharmonie.eu\/de\/wp-json\/wp\/v2\/pages\/6813\/revisions\/6958"}],"wp:featuredmedia":[{"embeddable":true,"href":"https:\/\/inharmonie.eu\/de\/wp-json\/wp\/v2\/media\/6856"}],"wp:attachment":[{"href":"https:\/\/inharmonie.eu\/de\/wp-json\/wp\/v2\/media?parent=6813"}],"wp:term":[{"taxonomy":"difl_page_category","embeddable":true,"href":"https:\/\/inharmonie.eu\/de\/wp-json\/wp\/v2\/difl_page_category?post=6813"}],"curies":[{"name":"wp","href":"https:\/\/api.w.org\/{rel}","templated":true}]}}